{"id":1668,"date":"2025-03-29T00:55:59","date_gmt":"2025-03-28T23:55:59","guid":{"rendered":"https:\/\/pianosintot.fr\/?page_id=1668"},"modified":"2026-04-13T14:58:13","modified_gmt":"2026-04-13T12:58:13","slug":"harmonisation","status":"publish","type":"page","link":"https:\/\/pianosintot.fr\/harmonisation\/","title":{"rendered":"Harmonisation"},"content":{"rendered":"\t\t<div data-elementor-type=\"wp-page\" data-elementor-id=\"1668\" class=\"elementor elementor-1668\">\n\t\t\t\t<div class=\"elementor-element elementor-element-4182def e-flex e-con-boxed e-con e-parent\" data-id=\"4182def\" data-element_type=\"container\" data-settings=\"{&quot;content_width&quot;:&quot;boxed&quot;}\" data-core-v316-plus=\"true\">\n\t\t\t\t\t<div class=\"e-con-inner\">\n\t\t\t\t<div class=\"elementor-element elementor-element-21e887a elementor-widget elementor-widget-image\" data-id=\"21e887a\" data-element_type=\"widget\" data-widget_type=\"image.default\">\n\t\t\t\t<div class=\"elementor-widget-container\">\n\t\t\t<style>\/*! elementor - v3.19.0 - 05-02-2024 *\/\n.elementor-widget-image{text-align:center}.elementor-widget-image a{display:inline-block}.elementor-widget-image a img[src$=\".svg\"]{width:48px}.elementor-widget-image img{vertical-align:middle;display:inline-block}<\/style>\t\t\t\t\t\t\t\t\t\t<img fetchpriority=\"high\" decoding=\"async\" width=\"1024\" height=\"768\" src=\"https:\/\/pianosintot.fr\/wp-content\/uploads\/2025\/03\/voicing-1024x768.jpeg\" class=\"attachment-large size-large wp-image-1670\" alt=\"Harmoniser piano marteaux\" srcset=\"https:\/\/pianosintot.fr\/wp-content\/uploads\/2025\/03\/voicing-1024x768.jpeg 1024w, https:\/\/pianosintot.fr\/wp-content\/uploads\/2025\/03\/voicing-300x225.jpeg 300w, https:\/\/pianosintot.fr\/wp-content\/uploads\/2025\/03\/voicing-768x576.jpeg 768w, https:\/\/pianosintot.fr\/wp-content\/uploads\/2025\/03\/voicing-1536x1152.jpeg 1536w, https:\/\/pianosintot.fr\/wp-content\/uploads\/2025\/03\/voicing-2048x1536.jpeg 2048w\" sizes=\"(max-width: 1024px) 100vw, 1024px\" \/>\t\t\t\t\t\t\t\t\t\t\t\t\t<\/div>\n\t\t\t\t<\/div>\n\t\t\t\t\t<\/div>\n\t\t\t\t<\/div>\n\t\t<div class=\"elementor-element elementor-element-a74f358 e-flex e-con-boxed e-con e-parent\" data-id=\"a74f358\" data-element_type=\"container\" data-settings=\"{&quot;content_width&quot;:&quot;boxed&quot;}\" data-core-v316-plus=\"true\">\n\t\t\t\t\t<div class=\"e-con-inner\">\n\t\t\t\t<div class=\"elementor-element elementor-element-20d90b7 elementor-widget elementor-widget-heading\" data-id=\"20d90b7\" data-element_type=\"widget\" data-widget_type=\"heading.default\">\n\t\t\t\t<div class=\"elementor-widget-container\">\n\t\t\t<style>\/*! elementor - v3.19.0 - 05-02-2024 *\/\n.elementor-heading-title{padding:0;margin:0;line-height:1}.elementor-widget-heading .elementor-heading-title[class*=elementor-size-]>a{color:inherit;font-size:inherit;line-height:inherit}.elementor-widget-heading .elementor-heading-title.elementor-size-small{font-size:15px}.elementor-widget-heading .elementor-heading-title.elementor-size-medium{font-size:19px}.elementor-widget-heading .elementor-heading-title.elementor-size-large{font-size:29px}.elementor-widget-heading .elementor-heading-title.elementor-size-xl{font-size:39px}.elementor-widget-heading .elementor-heading-title.elementor-size-xxl{font-size:59px}<\/style><h1 class=\"elementor-heading-title elementor-size-default\">Harmoniser piano Montpellier<\/h1>\t\t<\/div>\n\t\t\t\t<\/div>\n\t\t\t\t\t<\/div>\n\t\t\t\t<\/div>\n\t\t<div class=\"elementor-element elementor-element-768276b e-flex e-con-boxed e-con e-parent\" data-id=\"768276b\" data-element_type=\"container\" data-settings=\"{&quot;content_width&quot;:&quot;boxed&quot;}\" data-core-v316-plus=\"true\">\n\t\t\t\t\t<div class=\"e-con-inner\">\n\t\t\t\t<div class=\"elementor-element elementor-element-638ae22 elementor-widget elementor-widget-text-editor\" data-id=\"638ae22\" data-element_type=\"widget\" data-widget_type=\"text-editor.default\">\n\t\t\t\t<div class=\"elementor-widget-container\">\n\t\t\t<style>\/*! elementor - v3.19.0 - 05-02-2024 *\/\n.elementor-widget-text-editor.elementor-drop-cap-view-stacked .elementor-drop-cap{background-color:#69727d;color:#fff}.elementor-widget-text-editor.elementor-drop-cap-view-framed .elementor-drop-cap{color:#69727d;border:3px solid;background-color:transparent}.elementor-widget-text-editor:not(.elementor-drop-cap-view-default) .elementor-drop-cap{margin-top:8px}.elementor-widget-text-editor:not(.elementor-drop-cap-view-default) .elementor-drop-cap-letter{width:1em;height:1em}.elementor-widget-text-editor .elementor-drop-cap{float:left;text-align:center;line-height:1;font-size:50px}.elementor-widget-text-editor .elementor-drop-cap-letter{display:inline-block}<\/style>\t\t\t\t<p><strong>L&rsquo;harmonisation du piano : Qu&rsquo;est-ce que c&rsquo;est et pourquoi est-ce important ?<\/strong><\/p><p>L&rsquo;harmonisation (ou \u00ab\u00a0voicing\u00a0\u00bb) du piano est un processus d\u00e9licat et essentiel dans l&rsquo;entretien de cet instrument. Alors que l&rsquo;accordage s&rsquo;assure de la justesse des notes, l&rsquo;harmonisation se concentre sur la qualit\u00e9 sonore de chaque note. Cette op\u00e9ration permet d&rsquo;adapter le timbre, la tonalit\u00e9 et l&rsquo;\u00e9quilibre sonore du piano, afin de rendre le jeu plus agr\u00e9able et plus expressif pour le musicien. L&rsquo;harmonisation ajuste \u00e9galement les caract\u00e9ristiques du son selon les pr\u00e9f\u00e9rences du pianiste ou les sp\u00e9cifications de l&rsquo;instrument.<\/p><h3><strong>Qu&rsquo;est-ce que l&rsquo;harmonisation du piano ?<\/strong><\/h3><p>L&rsquo;harmonisation consiste \u00e0 affiner et \u00e0 personnaliser le son du piano, en travaillant sur la mani\u00e8re dont chaque note r\u00e9sonne, se m\u00e9lange et s&rsquo;harmonise avec les autres. Cela inclut principalement l&rsquo;ajustement de la qualit\u00e9 sonore de chaque note, en modifiant des aspects tels que l&rsquo;intensit\u00e9, la brillance et la chaleur du son. L&rsquo;objectif est d&rsquo;obtenir une sonorit\u00e9 uniforme et \u00e9quilibr\u00e9e sur l&rsquo;ensemble du clavier.<\/p><h3><strong>Pourquoi harmoniser un piano ?<\/strong><\/h3><p>Bien qu&rsquo;un piano puisse \u00eatre parfaitement accord\u00e9, il est possible que certaines notes aient une sonorit\u00e9 d\u00e9sagr\u00e9able ou trop \u00ab m\u00e9tallique \u00bb, tandis que d&rsquo;autres peuvent \u00eatre trop sourdes. Cela peut \u00eatre d\u00fb \u00e0 l&rsquo;usure des marteaux, \u00e0 une fabrication in\u00e9gale ou m\u00eame \u00e0 des caract\u00e9ristiques acoustiques propres \u00e0 l&rsquo;instrument. L\u2019harmonisation permet de :<\/p><ul><li><p><strong>Uniformiser le timbre<\/strong> : \u00c9viter des variations trop marqu\u00e9es entre les notes graves et aigu\u00ebs.<\/p><\/li><li><p><strong>Ajuster la dynamique<\/strong> : Modifier la mani\u00e8re dont les notes r\u00e9agissent au jeux forte ou piano.<\/p><\/li><li><p><strong>R\u00e9duire les dissonances<\/strong> : \u00c9viter des sons trop criards ou rugueux, souvent dus \u00e0 des d\u00e9fauts dans les marteaux ou dans la configuration interne de l&rsquo;instrument.<\/p><\/li><li><p><strong>Personnaliser le son<\/strong> : Permettre au pianiste de choisir un son plus brillant, plus doux ou plus chaud, en fonction de ses pr\u00e9f\u00e9rences musicales.<\/p><\/li><\/ul><h3><strong>Les \u00e9tapes de l&rsquo;harmonisation du piano<\/strong><\/h3><p>L&rsquo;harmonisation implique plusieurs techniques et ajustements qui peuvent varier en fonction du type de piano (\u00e0 queue, droit, etc.) et des souhaits du pianiste. Voici les \u00e9tapes principales :<\/p><h4><strong>Ajustement des marteaux<\/strong><\/h4><p>Les marteaux, recouverts de feutre, frappent les cordes pour produire les sons. Au fil du temps, ces marteaux peuvent s&rsquo;user, se compresser ou se durcir, ce qui affecte la qualit\u00e9 sonore. L&rsquo;harmonisateur peut :<\/p><ul><li><p><strong>Ajuster la duret\u00e9 du feutre<\/strong> : Le technicien peut poncer ou piquer les marteaux pour rendre le feutre plus a\u00e9r\u00e9 ou plus dur, en fonction de l\u2019effet recherch\u00e9. Un marteau plus dur donne un son plus brillant, tandis qu\u2019un marteau plus a\u00e9r\u00e9 produit un son plus chaud et plus doux.<\/p><\/li><li><p><strong>Affiner la forme des marteaux<\/strong> : Parfois, un marteau peut devenir irr\u00e9gulier avec l&rsquo;usure, ce qui entra\u00eene une mauvaise uniformit\u00e9 du son. Le technicien peut redonner aux marteaux leur forme id\u00e9ale pour obtenir un son plus homog\u00e8ne.<\/p><\/li><\/ul><h4>\u00a0<strong>Ajustement de l\u2019alignement des marteaux<\/strong><\/h4><p>Les marteaux doivent frapper les cordes de mani\u00e8re pr\u00e9cise et r\u00e9guli\u00e8re. Un l\u00e9ger d\u00e9salignement peut entra\u00eener des frappes in\u00e9gales et des variations de son d\u2019une note \u00e0 l\u2019autre. Il faut s&rsquo;assurer que les marteaux se d\u00e9placent de mani\u00e8re fluide et qu&rsquo;ils frappent les cordes de fa\u00e7on uniforme. Cela permet de garantir une r\u00e9ponse sonore constante sur tout le clavier.<\/p><h3><strong>L&rsquo;impact de l&rsquo;harmonisation sur le son du piano<\/strong><\/h3><p>Un piano bien harmonis\u00e9 pr\u00e9sente plusieurs avantages acoustiques :<\/p><ul><li><p><strong>Un son plus \u00e9quilibr\u00e9<\/strong> : L\u2019harmonisation permet de rendre les basses, les m\u00e9diums et les aigus plus coh\u00e9rents, en \u00e9quilibrant la r\u00e9sonance et en enlevant les irr\u00e9gularit\u00e9s.<\/p><\/li><li><p><strong>Plus de nuance dynamique<\/strong> : Un bon voicing permet de mieux contr\u00f4ler la mani\u00e8re dont le son r\u00e9agit aux diff\u00e9rentes pressions des touches, rendant l&rsquo;instrument plus sensible \u00e0 la dynamique du pianiste.<\/p><\/li><li><p><strong>Plus de chaleur et de profondeur<\/strong> : Le son devient plus riche et plus chaleureux lorsque l\u2019harmonisation est bien r\u00e9alis\u00e9e.<\/p><\/li><\/ul><h3><strong>Quand faut-il harmoniser un piano ?<\/strong><\/h3><p>L&rsquo;harmonisation ne fait g\u00e9n\u00e9ralement pas partie des entretiens r\u00e9guliers, mais elle devient n\u00e9cessaire lorsque :<\/p><ul><li><p>Le son devient trop percussif ou m\u00e9tallique.<\/p><\/li><li><p>Le timbre entre les diff\u00e9rentes octaves n&rsquo;est pas \u00e9quilibr\u00e9.<\/p><\/li><li><p>Le piano sonne de mani\u00e8re in\u00e9gale apr\u00e8s plusieurs ann\u00e9es d\u2019utilisation.<\/p><\/li><li><p>Le pianiste souhaite modifier le timbre du piano (par exemple, obtenir un son plus doux ou plus brillant).<\/p><\/li><li><p>Le piano a \u00e9t\u00e9 accord\u00e9 mais que des diff\u00e9rences de son persistent.<\/p><\/li><\/ul><h3><strong>En conclusion<\/strong><\/h3><p>L&rsquo;harmonisation du piano est un art subtil qui peut transformer la sonorit\u00e9 d&rsquo;un instrument et en am\u00e9liorer l&rsquo;expression. Bien qu&rsquo;il ne soit pas n\u00e9cessaire d\u2019harmoniser un piano aussi fr\u00e9quemment que de l\u2019accorder, un bon voicing peut prolonger la vie de l\u2019instrument tout en optimisant l\u2019exp\u00e9rience musicale. Il est donc important de faire appel \u00e0 un technicien qualifi\u00e9 lorsque l\u2019on souhaite obtenir un son parfaitement \u00e9quilibr\u00e9 et personnalis\u00e9 pour son piano.<\/p>\t\t\t\t\t\t<\/div>\n\t\t\t\t<\/div>\n\t\t\t\t<div class=\"elementor-element elementor-element-1ea0259 elementor-widget elementor-widget-spacer\" data-id=\"1ea0259\" data-element_type=\"widget\" data-widget_type=\"spacer.default\">\n\t\t\t\t<div class=\"elementor-widget-container\">\n\t\t\t<style>\/*! elementor - v3.19.0 - 05-02-2024 *\/\n.elementor-column .elementor-spacer-inner{height:var(--spacer-size)}.e-con{--container-widget-width:100%}.e-con-inner>.elementor-widget-spacer,.e-con>.elementor-widget-spacer{width:var(--container-widget-width,var(--spacer-size));--align-self:var(--container-widget-align-self,initial);--flex-shrink:0}.e-con-inner>.elementor-widget-spacer>.elementor-widget-container,.e-con>.elementor-widget-spacer>.elementor-widget-container{height:100%;width:100%}.e-con-inner>.elementor-widget-spacer>.elementor-widget-container>.elementor-spacer,.e-con>.elementor-widget-spacer>.elementor-widget-container>.elementor-spacer{height:100%}.e-con-inner>.elementor-widget-spacer>.elementor-widget-container>.elementor-spacer>.elementor-spacer-inner,.e-con>.elementor-widget-spacer>.elementor-widget-container>.elementor-spacer>.elementor-spacer-inner{height:var(--container-widget-height,var(--spacer-size))}.e-con-inner>.elementor-widget-spacer.elementor-widget-empty,.e-con>.elementor-widget-spacer.elementor-widget-empty{position:relative;min-height:22px;min-width:22px}.e-con-inner>.elementor-widget-spacer.elementor-widget-empty .elementor-widget-empty-icon,.e-con>.elementor-widget-spacer.elementor-widget-empty .elementor-widget-empty-icon{position:absolute;top:0;bottom:0;left:0;right:0;margin:auto;padding:0;width:22px;height:22px}<\/style>\t\t<div class=\"elementor-spacer\">\n\t\t\t<div class=\"elementor-spacer-inner\"><\/div>\n\t\t<\/div>\n\t\t\t\t<\/div>\n\t\t\t\t<\/div>\n\t\t\t\t\t<\/div>\n\t\t\t\t<\/div>\n\t\t<div class=\"elementor-element elementor-element-21a8625 e-flex e-con-boxed e-con e-parent\" data-id=\"21a8625\" data-element_type=\"container\" data-settings=\"{&quot;content_width&quot;:&quot;boxed&quot;}\" data-core-v316-plus=\"true\">\n\t\t\t\t\t<div class=\"e-con-inner\">\n\t\t\t\t<div class=\"elementor-element elementor-element-85ce1ff elementor-widget elementor-widget-text-editor\" data-id=\"85ce1ff\" data-element_type=\"widget\" data-widget_type=\"text-editor.default\">\n\t\t\t\t<div class=\"elementor-widget-container\">\n\t\t\t\t\t\t\t<p style=\"text-align: center;\">Faire une demande d&rsquo;harmonisation de piano \u00e0 Montpellier<\/p><h5 style=\"text-align: center;\">Th\u00e9odore Sintot &#8211; Accordeur de piano Montpellier<\/h5>\t\t\t\t\t\t<\/div>\n\t\t\t\t<\/div>\n\t\t\t\t\t<\/div>\n\t\t\t\t<\/div>\n\t\t<div class=\"elementor-element elementor-element-b8eef12 e-flex e-con-boxed e-con e-parent\" data-id=\"b8eef12\" data-element_type=\"container\" data-settings=\"{&quot;content_width&quot;:&quot;boxed&quot;}\" data-core-v316-plus=\"true\">\n\t\t\t\t\t<div class=\"e-con-inner\">\n\t\t\t\t<div class=\"elementor-element elementor-element-dd21757 elementor-align-center elementor-widget elementor-widget-button\" data-id=\"dd21757\" data-element_type=\"widget\" data-widget_type=\"button.default\">\n\t\t\t\t<div class=\"elementor-widget-container\">\n\t\t\t\t\t<div class=\"elementor-button-wrapper\">\n\t\t\t<a class=\"elementor-button elementor-button-link elementor-size-lg\" href=\"https:\/\/pianosintot.fr\/index.php\/contact\/\">\n\t\t\t\t\t\t<span class=\"elementor-button-content-wrapper\">\n\t\t\t\t\t\t<span class=\"elementor-button-text\">Contact<\/span>\n\t\t<\/span>\n\t\t\t\t\t<\/a>\n\t\t<\/div>\n\t\t\t\t<\/div>\n\t\t\t\t<\/div>\n\t\t\t\t\t<\/div>\n\t\t\t\t<\/div>\n\t\t\t\t<\/div>\n\t\t","protected":false},"excerpt":{"rendered":"<p>Harmoniser piano Montpellier L&rsquo;harmonisation du piano : Qu&rsquo;est-ce que c&rsquo;est et pourquoi est-ce important ? L&rsquo;harmonisation (ou \u00ab\u00a0voicing\u00a0\u00bb) du piano est un processus d\u00e9licat et essentiel dans l&rsquo;entretien de cet instrument. Alors que l&rsquo;accordage s&rsquo;assure de la justesse des notes, l&rsquo;harmonisation se concentre sur la qualit\u00e9 sonore de chaque note. Cette op\u00e9ration permet d&rsquo;adapter le [&hellip;]<\/p>\n","protected":false},"author":1,"featured_media":0,"parent":0,"menu_order":0,"comment_status":"closed","ping_status":"closed","template":"","meta":{"footnotes":""},"class_list":["post-1668","page","type-page","status-publish","hentry","entry"],"_links":{"self":[{"href":"https:\/\/pianosintot.fr\/wp-json\/wp\/v2\/pages\/1668","targetHints":{"allow":["GET"]}}],"collection":[{"href":"https:\/\/pianosintot.fr\/wp-json\/wp\/v2\/pages"}],"about":[{"href":"https:\/\/pianosintot.fr\/wp-json\/wp\/v2\/types\/page"}],"author":[{"embeddable":true,"href":"https:\/\/pianosintot.fr\/wp-json\/wp\/v2\/users\/1"}],"replies":[{"embeddable":true,"href":"https:\/\/pianosintot.fr\/wp-json\/wp\/v2\/comments?post=1668"}],"version-history":[{"count":16,"href":"https:\/\/pianosintot.fr\/wp-json\/wp\/v2\/pages\/1668\/revisions"}],"predecessor-version":[{"id":1833,"href":"https:\/\/pianosintot.fr\/wp-json\/wp\/v2\/pages\/1668\/revisions\/1833"}],"wp:attachment":[{"href":"https:\/\/pianosintot.fr\/wp-json\/wp\/v2\/media?parent=1668"}],"curies":[{"name":"wp","href":"https:\/\/api.w.org\/{rel}","templated":true}]}}